{"id":33,"date":"2019-04-22T17:06:08","date_gmt":"2019-04-22T14:06:08","guid":{"rendered":"http:\/\/www.yenidunyagumruk.com\/?page_id=33"},"modified":"2019-04-22T17:41:34","modified_gmt":"2019-04-22T14:41:34","slug":"sirketimiz","status":"publish","type":"page","link":"https:\/\/www.yenidunyagumruk.com\/index.php\/sirketimiz\/","title":{"rendered":"\u015eirketimiz"},"content":{"rendered":"\n<div class=\"wp-block-media-text alignwide\" style=\"grid-template-columns:36% auto\"><figure class=\"wp-block-media-text__media\"><img loading=\"lazy\" decoding=\"async\" width=\"1024\" height=\"683\" src=\"http:\/\/www.yenidunyagumruk.com\/wp-content\/uploads\/2019\/04\/header_01-1024x683.jpg\" alt=\"\" class=\"wp-image-65\" srcset=\"https:\/\/www.yenidunyagumruk.com\/wp-content\/uploads\/2019\/04\/header_01-1024x683.jpg 1024w, https:\/\/www.yenidunyagumruk.com\/wp-content\/uploads\/2019\/04\/header_01-300x200.jpg 300w, https:\/\/www.yenidunyagumruk.com\/wp-content\/uploads\/2019\/04\/header_01-768x512.jpg 768w, https:\/\/www.yenidunyagumruk.com\/wp-content\/uploads\/2019\/04\/header_01.jpg 1080w\" sizes=\"auto, (max-width: 1024px) 100vw, 1024px\" \/><\/figure><div class=\"wp-block-media-text__content\"><p><br \/><br \/><!--StartFragment--><\/p>\n\n\n<p>SORUNSUZ VE ZAMANINDA<\/p>\n\n\n\n<p>Yenid\u00fcnya G\u00fcmr\u00fck M\u00fc\u015favirli\u011fi mesle\u011fine ba\u011fl\u0131, deneyimli ve uzman y\u00f6neticileri, m\u00fc\u015fteri sorumlulu\u011fu bilincinde, \u00e7al\u0131\u015fkan ve g\u00fcvenilir idari kadrosu, uzman g\u00fcmr\u00fck operasyon elemanlar\u0131 , g\u00fcmr\u00fck m\u00fcd\u00fcrl\u00fcklerine bilgisayar a\u011f\u0131 \u00fczerinden ba\u011flant\u0131l\u0131 modern altyap\u0131s\u0131, ekonomik de\u011ferlere \u00f6nem veren bireysel ve fonksiyonel hizmet anlay\u0131\u015f\u0131 ile ithalat, ihracat ve di\u011fer g\u00fcmr\u00fck rejimlerinin fiili i\u015flem s\u00fcre\u00e7lerinde \u00e7\u00f6z\u00fcm orta\u011f\u0131n\u0131z olmak i\u00e7in kurulmu\u015ftur.&nbsp;<br><strong><br><\/strong>Mesleki a\u00e7\u0131dan etik de\u011ferlere ve prensiplerine ba\u011fl\u0131 kalmay\u0131 ilke edinen \u015firketimiz her zaman m\u00fc\u015fteri memnuniyetini en \u00fcst seviyelere ta\u015f\u0131may\u0131 hedeflemi\u015ftir. \u00dcretti\u011fi hizmetin kalitesini y\u00fckseltmenin bilincinde olarak, yat\u0131r\u0131ma, e\u011fitime ve kendini geli\u015ftirmeye \u00f6nem veren firmam\u0131z, d\u0131\u015f ticarete konu \u00fcr\u00fcnlere ili\u015fkin olarak izlenmesi gereken y\u00f6ntemleri titizlikle inceler ve profesyonel kadrosu ile en k\u0131sa s\u00fcrede \u00e7\u00f6z\u00fcme ula\u015ft\u0131r\u0131r. Ba\u015far\u0131n\u0131n do\u011fru \u00e7\u00f6z\u00fcmle, m\u00fckemmelli\u011fin do\u011fru se\u00e7imle ger\u00e7ekle\u015fti\u011fine inan\u0131yorsan\u0131z biz m\u00fckemmelli\u011fe haz\u0131r\u0131z<\/p>\n\n\n<p><!--EndFragment--><br>\n<br>\n<\/p><\/div><\/div>\n","protected":false},"excerpt":{"rendered":"<p>SORUNSUZ VE ZAMANINDA Yenid\u00fcnya G\u00fcmr\u00fck M\u00fc\u015favirli\u011fi mesle\u011fine ba\u011fl\u0131, deneyimli ve uzman y\u00f6neticileri, m\u00fc\u015fteri sorumlulu\u011fu bilincinde, \u00e7al\u0131\u015fkan ve g\u00fcvenilir idari kadrosu, uzman g\u00fcmr\u00fck operasyon elemanlar\u0131 , g\u00fcmr\u00fck m\u00fcd\u00fcrl\u00fcklerine bilgisayar a\u011f\u0131 \u00fczerinden ba\u011flant\u0131l\u0131 modern altyap\u0131s\u0131, ekonomik de\u011ferlere \u00f6nem veren bireysel ve fonksiyonel hizmet anlay\u0131\u015f\u0131 ile ithalat, ihracat ve di\u011fer g\u00fcmr\u00fck rejimlerinin fiili i\u015flem s\u00fcre\u00e7lerinde \u00e7\u00f6z\u00fcm orta\u011f\u0131n\u0131z olmak [&hellip;]<\/p>\n","protected":false},"author":2,"featured_media":0,"parent":0,"menu_order":0,"comment_status":"closed","ping_status":"closed","template":"pages\/home.php","meta":{"footnotes":""},"class_list":["post-33","page","type-page","status-publish","hentry"],"_links":{"self":[{"href":"https:\/\/www.yenidunyagumruk.com\/index.php\/wp-json\/wp\/v2\/pages\/33","targetHints":{"allow":["GET"]}}],"collection":[{"href":"https:\/\/www.yenidunyagumruk.com\/index.php\/wp-json\/wp\/v2\/pages"}],"about":[{"href":"https:\/\/www.yenidunyagumruk.com\/index.php\/wp-json\/wp\/v2\/types\/page"}],"author":[{"embeddable":true,"href":"https:\/\/www.yenidunyagumruk.com\/index.php\/wp-json\/wp\/v2\/users\/2"}],"replies":[{"embeddable":true,"href":"https:\/\/www.yenidunyagumruk.com\/index.php\/wp-json\/wp\/v2\/comments?post=33"}],"version-history":[{"count":3,"href":"https:\/\/www.yenidunyagumruk.com\/index.php\/wp-json\/wp\/v2\/pages\/33\/revisions"}],"predecessor-version":[{"id":71,"href":"https:\/\/www.yenidunyagumruk.com\/index.php\/wp-json\/wp\/v2\/pages\/33\/revisions\/71"}],"wp:attachment":[{"href":"https:\/\/www.yenidunyagumruk.com\/index.php\/wp-json\/wp\/v2\/media?parent=33"}],"curies":[{"name":"wp","href":"https:\/\/api.w.org\/{rel}","templated":true}]}}