{"id":35,"date":"2019-04-22T17:11:25","date_gmt":"2019-04-22T14:11:25","guid":{"rendered":"http:\/\/www.yenidunyagumruk.com\/?page_id=35"},"modified":"2019-04-22T17:45:41","modified_gmt":"2019-04-22T14:45:41","slug":"hizmetlerimiz","status":"publish","type":"page","link":"https:\/\/www.yenidunyagumruk.com\/index.php\/hizmetlerimiz\/","title":{"rendered":"Hizmetlerimiz"},"content":{"rendered":"\n<table class=\"wp-block-table is-style-stripes\"><tbody><tr><td> <br><strong>DANI\u015eMANLIK H\u0130ZMETLER\u0130M\u0130Z<\/strong><br><br>*\u00a0T\u00fcm G\u00fcmr\u00fckleme Hizmetleri, (\u0130thalat,\u0130hracat,Transit v.b.)<br><br>*\u00a0G\u00fcmr\u00fck mevzuat\u0131 ve g\u00fcmr\u00fck rejimleri dan\u0131\u015fmanl\u0131\u011f\u0131,\u00a0<br><br>*\u00a0Dahilde ve hari\u00e7te i\u015fleme rejimi, \u00fc\u00e7gen trafik ve ekonomik etkili rejimler dan\u0131\u015fmanl\u0131\u011f\u0131,\u00a0<br><br>*\u00a0G.T.\u0130.P. tespiti tarife tan\u0131mlama,\u00a0<br><br>*\u00a0\u0130lgili bakanl\u0131klardan kota,\u00a0<br>g\u00f6zetim belgesi, i\u015fg\u00fcm, petrol i\u015fleri m\u00fcsaadesi, bak\u0131m onar\u0131m belgesi, garanti belgesi \u00e7\u0131kart\u0131lmas\u0131 i\u00e7in gerekli ba\u015fvurular\u0131n yap\u0131lmas\u0131 ve sonu\u00e7land\u0131r\u0131lmas\u0131,\u00a0<br><br>*\u00a0Sonradan kontrole tabi ithalat\u00e7\u0131 belgesi, basitle\u015ftirilmi\u015f usul izin belgesi, g\u00fcmr\u00fck kontrol\u00fc alt\u0131nda i\u015fleme rejimi izni, ge\u00e7ici ithalat izni al\u0131nmas\u0131,\u00a0<br><br>*\u00a0Serbest b\u00f6lgelerde \u015firket kurulu\u015flar\u0131 ve serbest b\u00f6lge faaliyet ruhsat\u0131 al\u0131nmas\u0131 i\u015flemleri,\u00a0<br><br>*\u00a0Dahilde ve hari\u00e7te i\u015fleme belgeleri ve ba\u015fvurular\u0131n\u0131 haz\u0131rlamak, belgeleri \u00e7\u0131kartmak ve kapatmak,\u00a0<br><br>*\u00a0Te\u015fvik belgeleri al\u0131m\u0131, vize, revize ve kapama i\u015flemlerini yapmak,\u00a0<br><br>*\u00a0Sa\u011fl\u0131k Bakanl\u0131\u011f\u0131 kontrol belgesi m\u00fcracaat\u0131nda bulunmak, kontrol belgelerini almak,\u00a0<br><br>*\u00a0Tar\u0131m Bakanl\u0131\u011f\u0131 kontrol belgesi i\u00e7in m\u00fcracaatlarda bulunmak, kontrol belgesini almak,\u00a0<br><br>*\u00a0ISO , CE v.s. Kalite Belgeleri Projelendirme,<br><br>*\u00a0Uluslararas\u0131 Nakliye organizasyonu <br><\/td><\/tr><\/tbody><\/table>\n","protected":false},"excerpt":{"rendered":"<p>DANI\u015eMANLIK H\u0130ZMETLER\u0130M\u0130Z *\u00a0T\u00fcm G\u00fcmr\u00fckleme Hizmetleri, (\u0130thalat,\u0130hracat,Transit v.b.) *\u00a0G\u00fcmr\u00fck mevzuat\u0131 ve g\u00fcmr\u00fck rejimleri dan\u0131\u015fmanl\u0131\u011f\u0131,\u00a0 *\u00a0Dahilde ve hari\u00e7te i\u015fleme rejimi, \u00fc\u00e7gen trafik ve ekonomik etkili rejimler dan\u0131\u015fmanl\u0131\u011f\u0131,\u00a0 *\u00a0G.T.\u0130.P. tespiti tarife tan\u0131mlama,\u00a0 *\u00a0\u0130lgili bakanl\u0131klardan kota,\u00a0g\u00f6zetim belgesi, i\u015fg\u00fcm, petrol i\u015fleri m\u00fcsaadesi, bak\u0131m onar\u0131m belgesi, garanti belgesi \u00e7\u0131kart\u0131lmas\u0131 i\u00e7in gerekli ba\u015fvurular\u0131n yap\u0131lmas\u0131 ve sonu\u00e7land\u0131r\u0131lmas\u0131,\u00a0 *\u00a0Sonradan kontrole tabi ithalat\u00e7\u0131 belgesi, basitle\u015ftirilmi\u015f [&hellip;]<\/p>\n","protected":false},"author":2,"featured_media":0,"parent":0,"menu_order":0,"comment_status":"closed","ping_status":"closed","template":"","meta":{"footnotes":""},"class_list":["post-35","page","type-page","status-publish","hentry"],"_links":{"self":[{"href":"https:\/\/www.yenidunyagumruk.com\/index.php\/wp-json\/wp\/v2\/pages\/35","targetHints":{"allow":["GET"]}}],"collection":[{"href":"https:\/\/www.yenidunyagumruk.com\/index.php\/wp-json\/wp\/v2\/pages"}],"about":[{"href":"https:\/\/www.yenidunyagumruk.com\/index.php\/wp-json\/wp\/v2\/types\/page"}],"author":[{"embeddable":true,"href":"https:\/\/www.yenidunyagumruk.com\/index.php\/wp-json\/wp\/v2\/users\/2"}],"replies":[{"embeddable":true,"href":"https:\/\/www.yenidunyagumruk.com\/index.php\/wp-json\/wp\/v2\/comments?post=35"}],"version-history":[{"count":4,"href":"https:\/\/www.yenidunyagumruk.com\/index.php\/wp-json\/wp\/v2\/pages\/35\/revisions"}],"predecessor-version":[{"id":70,"href":"https:\/\/www.yenidunyagumruk.com\/index.php\/wp-json\/wp\/v2\/pages\/35\/revisions\/70"}],"wp:attachment":[{"href":"https:\/\/www.yenidunyagumruk.com\/index.php\/wp-json\/wp\/v2\/media?parent=35"}],"curies":[{"name":"wp","href":"https:\/\/api.w.org\/{rel}","templated":true}]}}