{"id":37,"date":"2019-04-22T17:11:44","date_gmt":"2019-04-22T14:11:44","guid":{"rendered":"http:\/\/www.yenidunyagumruk.com\/?page_id=37"},"modified":"2019-04-24T13:37:21","modified_gmt":"2019-04-24T10:37:21","slug":"ana-sayfa","status":"publish","type":"page","link":"https:\/\/www.yenidunyagumruk.com\/","title":{"rendered":"Ana Sayfa"},"content":{"rendered":"\n<div class=\"wp-block-media-text alignwide\" style=\"grid-template-columns:36% auto\"><figure class=\"wp-block-media-text__media\"><img loading=\"lazy\" decoding=\"async\" width=\"1000\" height=\"626\" src=\"http:\/\/www.yenidunyagumruk.com\/wp-content\/uploads\/2019\/04\/don-duong-de-dua-logistics-cat-canh-e1502936685916.jpg\" alt=\"\" class=\"wp-image-59\" srcset=\"https:\/\/www.yenidunyagumruk.com\/wp-content\/uploads\/2019\/04\/don-duong-de-dua-logistics-cat-canh-e1502936685916.jpg 1000w, https:\/\/www.yenidunyagumruk.com\/wp-content\/uploads\/2019\/04\/don-duong-de-dua-logistics-cat-canh-e1502936685916-300x188.jpg 300w, https:\/\/www.yenidunyagumruk.com\/wp-content\/uploads\/2019\/04\/don-duong-de-dua-logistics-cat-canh-e1502936685916-768x481.jpg 768w\" sizes=\"auto, (max-width: 1000px) 100vw, 1000px\" \/><\/figure><div class=\"wp-block-media-text__content\">\n<p>YEN\u0130D\u00dcNYA G\u00dcMR\u00dcK M\u00dc\u015eAV\u0130RL\u0130\u011e\u0130 1993 y\u0131l\u0131ndan g\u00fcn\u00fcm\u00fcze g\u00fcmr\u00fck m\u00fc\u015favirli\u011fi alan\u0131nda faaliyet g\u00f6steren firmam\u0131z kar\u015f\u0131l\u0131kl\u0131 g\u00fcvene dayal\u0131 \u00e7al\u0131\u015fma prensipleriyle m\u00fckelleflerine en h\u0131zl\u0131 ve ekonomik hizmeti vermeyi ilke edinmi\u015ftir. Konusunda tecr\u00fcbeli ve yeti\u015fkin kadrosu ile T\u00fcrkiye&#8217;nin t\u00fcm g\u00fcmr\u00fck idarelerinde g\u00fcmr\u00fckleme i\u015flemleri takip eden firmam\u0131z\u0131n \u00e7al\u0131\u015ft\u0131\u011f\u0131 geni\u015f m\u00fckellef portf\u00f6y\u00fc i\u00e7inde sizleri de g\u00f6rmek bizlere mutluluk verecektir.  <\/p>\n<\/div><\/div>\n\n\n\n<p> <\/p>\n","protected":false},"excerpt":{"rendered":"<p>YEN\u0130D\u00dcNYA G\u00dcMR\u00dcK M\u00dc\u015eAV\u0130RL\u0130\u011e\u0130 1993 y\u0131l\u0131ndan g\u00fcn\u00fcm\u00fcze g\u00fcmr\u00fck m\u00fc\u015favirli\u011fi alan\u0131nda faaliyet g\u00f6steren firmam\u0131z kar\u015f\u0131l\u0131kl\u0131 g\u00fcvene dayal\u0131 \u00e7al\u0131\u015fma prensipleriyle m\u00fckelleflerine en h\u0131zl\u0131 ve ekonomik hizmeti vermeyi ilke edinmi\u015ftir. Konusunda tecr\u00fcbeli ve yeti\u015fkin kadrosu ile T\u00fcrkiye&#8217;nin t\u00fcm g\u00fcmr\u00fck idarelerinde g\u00fcmr\u00fckleme i\u015flemleri takip eden firmam\u0131z\u0131n \u00e7al\u0131\u015ft\u0131\u011f\u0131 geni\u015f m\u00fckellef portf\u00f6y\u00fc i\u00e7inde sizleri de g\u00f6rmek bizlere mutluluk verecektir.<\/p>\n","protected":false},"author":2,"featured_media":0,"parent":0,"menu_order":0,"comment_status":"closed","ping_status":"closed","template":"","meta":{"footnotes":""},"class_list":["post-37","page","type-page","status-publish","hentry"],"_links":{"self":[{"href":"https:\/\/www.yenidunyagumruk.com\/index.php\/wp-json\/wp\/v2\/pages\/37","targetHints":{"allow":["GET"]}}],"collection":[{"href":"https:\/\/www.yenidunyagumruk.com\/index.php\/wp-json\/wp\/v2\/pages"}],"about":[{"href":"https:\/\/www.yenidunyagumruk.com\/index.php\/wp-json\/wp\/v2\/types\/page"}],"author":[{"embeddable":true,"href":"https:\/\/www.yenidunyagumruk.com\/index.php\/wp-json\/wp\/v2\/users\/2"}],"replies":[{"embeddable":true,"href":"https:\/\/www.yenidunyagumruk.com\/index.php\/wp-json\/wp\/v2\/comments?post=37"}],"version-history":[{"count":4,"href":"https:\/\/www.yenidunyagumruk.com\/index.php\/wp-json\/wp\/v2\/pages\/37\/revisions"}],"predecessor-version":[{"id":80,"href":"https:\/\/www.yenidunyagumruk.com\/index.php\/wp-json\/wp\/v2\/pages\/37\/revisions\/80"}],"wp:attachment":[{"href":"https:\/\/www.yenidunyagumruk.com\/index.php\/wp-json\/wp\/v2\/media?parent=37"}],"curies":[{"name":"wp","href":"https:\/\/api.w.org\/{rel}","templated":true}]}}