{"id":39,"date":"2019-04-22T17:12:24","date_gmt":"2019-04-22T14:12:24","guid":{"rendered":"http:\/\/www.yenidunyagumruk.com\/?page_id=39"},"modified":"2019-04-22T17:46:25","modified_gmt":"2019-04-22T14:46:25","slug":"vizyonumuz","status":"publish","type":"page","link":"https:\/\/www.yenidunyagumruk.com\/index.php\/vizyonumuz\/","title":{"rendered":"Vizyonumuz"},"content":{"rendered":"\n<p><strong>Vizyon;<\/strong><\/p>\n\n\n\n<p>M\u00fc\u015fterilerimize vermi\u015f oldu\u011fumuz hizmetler \u00e7er\u00e7evesinde \u201cH\u0131zl\u0131 ve sonuc odakl\u0131\u201d d\u0131\u015f kaynak kullanmadan hizmet veren bir kurum oldu\u011fumuz konusunda akla gelen firma olmak.<\/p>\n\n\n\n<p>Vizyonumuzun Detay\u0131nda ;&nbsp;<br>M\u00fc\u015fteri odakl\u0131 yakla\u015f\u0131m \u00e7er\u00e7evesinde alan\u0131ndaki geli\u015fmeleri ve en iyi uygulamalar\u0131 m\u00fc\u015fterileri ile payla\u015farak s\u00fcrekli i\u015fbirli\u011fi tesis etmek,<\/p>\n\n\n\n<p>\u0130lk kuruldu\u011fu g\u00fcnden beri y\u00fcksek risk ta\u015f\u0131yan d\u0131\u015f kaynak kullan\u0131ma yer vermemek ad\u0131na \u015firket i\u00e7i uzman kadro e\u011fitim ve ara\u015ft\u0131rmas\u0131na \u00f6nem vermek,<\/p>\n\n\n\n<p>Analitik d\u00fc\u015f\u00fcnme anlay\u0131\u015f\u0131 ile ihtisas ve yetki isteyen \u00f6zel bir hizmet grubunda tek olmas\u0131na ra\u011fmen gereken durumlarda bundan \u00f6d\u00fcn vererek sadece bir hizmet sa\u011flay\u0131c\u0131 de\u011fil Stratejik i\u015f orta\u011f\u0131 olmay\u0131 ilke edinen bir kurulu\u015f olmakt\u0131r.<\/p>\n\n\n\n<p><strong>Misyon<\/strong>;<\/p>\n\n\n\n<p><br>\u00dclke ekonomisinin geli\u015fiminde etkin rol oynayan \u00fcretim ve hizmet sekt\u00f6rlerinin yerel ve k\u00fcresel pazardaki ulusal ve uluslararas\u0131 \u00e7er\u00e7evede birinci s\u0131n\u0131f organizasyonlar, \u00e7al\u0131\u015fanlar, hizmet ve \u00fcr\u00fcnlerle odakl\u0131 kaliteli \u00e7\u00f6z\u00fcmler geli\u015ftirip sunarak m\u00fc\u015fterilerimizin performans\u0131nda olumlu etki yaratarak i\u015f y\u00fcklerini hafifletmek,<\/p>\n\n\n\n<p><strong>De\u011ferler;<\/strong><\/p>\n\n\n\n<p><br>\u2022\u00a0M\u00fc\u015fteri Odakl\u0131l\u0131k<br>\u2022\u00a0G\u00fcvenirlilik<br>\u2022\u00a0Yenilik\u00e7ilik<br>\u2022\u00a0Liderlik<br>\u2022\u00a0Giri\u015fimcilik<br>\u2022\u00a0Ara\u015ft\u0131rmac\u0131l\u0131k<br>\u2022\u00a0Dinamizm<br>\u2022\u00a0Analitik D\u00fc\u015f\u00fcnme<br>\u2022\u00a0Tek Elden Hizmet<\/p>\n","protected":false},"excerpt":{"rendered":"<p>Vizyon; M\u00fc\u015fterilerimize vermi\u015f oldu\u011fumuz hizmetler \u00e7er\u00e7evesinde \u201cH\u0131zl\u0131 ve sonuc odakl\u0131\u201d d\u0131\u015f kaynak kullanmadan hizmet veren bir kurum oldu\u011fumuz konusunda akla gelen firma olmak. Vizyonumuzun Detay\u0131nda ;&nbsp;M\u00fc\u015fteri odakl\u0131 yakla\u015f\u0131m \u00e7er\u00e7evesinde alan\u0131ndaki geli\u015fmeleri ve en iyi uygulamalar\u0131 m\u00fc\u015fterileri ile payla\u015farak s\u00fcrekli i\u015fbirli\u011fi tesis etmek, \u0130lk kuruldu\u011fu g\u00fcnden beri y\u00fcksek risk ta\u015f\u0131yan d\u0131\u015f kaynak kullan\u0131ma yer vermemek ad\u0131na [&hellip;]<\/p>\n","protected":false},"author":2,"featured_media":0,"parent":0,"menu_order":0,"comment_status":"closed","ping_status":"closed","template":"","meta":{"footnotes":""},"class_list":["post-39","page","type-page","status-publish","hentry"],"_links":{"self":[{"href":"https:\/\/www.yenidunyagumruk.com\/index.php\/wp-json\/wp\/v2\/pages\/39","targetHints":{"allow":["GET"]}}],"collection":[{"href":"https:\/\/www.yenidunyagumruk.com\/index.php\/wp-json\/wp\/v2\/pages"}],"about":[{"href":"https:\/\/www.yenidunyagumruk.com\/index.php\/wp-json\/wp\/v2\/types\/page"}],"author":[{"embeddable":true,"href":"https:\/\/www.yenidunyagumruk.com\/index.php\/wp-json\/wp\/v2\/users\/2"}],"replies":[{"embeddable":true,"href":"https:\/\/www.yenidunyagumruk.com\/index.php\/wp-json\/wp\/v2\/comments?post=39"}],"version-history":[{"count":3,"href":"https:\/\/www.yenidunyagumruk.com\/index.php\/wp-json\/wp\/v2\/pages\/39\/revisions"}],"predecessor-version":[{"id":73,"href":"https:\/\/www.yenidunyagumruk.com\/index.php\/wp-json\/wp\/v2\/pages\/39\/revisions\/73"}],"wp:attachment":[{"href":"https:\/\/www.yenidunyagumruk.com\/index.php\/wp-json\/wp\/v2\/media?parent=39"}],"curies":[{"name":"wp","href":"https:\/\/api.w.org\/{rel}","templated":true}]}}