{"id":41,"date":"2019-04-22T17:12:50","date_gmt":"2019-04-22T14:12:50","guid":{"rendered":"http:\/\/www.yenidunyagumruk.com\/?page_id=41"},"modified":"2024-05-28T13:21:18","modified_gmt":"2024-05-28T10:21:18","slug":"gerekli-evraklar","status":"publish","type":"page","link":"https:\/\/www.yenidunyagumruk.com\/index.php\/gerekli-evraklar\/","title":{"rendered":"Gerekli Evraklar"},"content":{"rendered":"\n<table class=\"wp-block-table\"><tbody><tr><td>Bir sefere mahsus olmak \u00fczere a\u015fa\u011f\u0131da ki evraklar\u0131 haz\u0131rlaman\u0131z gerekmektedir.<br><br>* Vekalet ( Noter tasdikli 1 adet)<br>* Nufus c\u00fczdan\u0131 \u00f6rne\u011fi ( Noter tasdikli fotokopisi. 1 adet)<br>* \u0130mza sirk\u00fcleri ( Noter tasdikli 1 adet)<br>* Vergi Dairenizden m\u00fckellefi oldu\u011funuza dair faal m\u00fckellef yaz\u0131s\u0131 ( as\u0131l veya elektronik imzal\u0131 1 adet)<br>* Ticaret Sicil Gazetesi (\u0130lk kurulu\u015f ve de\u011fi\u015fiklikler. Elektronik onayl\u0131 1 adet)<br>* Ticaret Odas\u0131 Faaliyet Bel. ( \u0130\u00e7inde bulundu\u011fumuz y\u0131la ait ) ( 1 ad.)<br><br><br>Her ithalat i\u015fleminde a\u015fa\u011f\u0131daki evrak ve bilgileri temin etmeniz gerekmektedir.<br><br>* E\u015fyaya ait orijinal fatura<br>* A.T. veya EFTA \u00fclkelerinden gelen mallarda orijinal A.TR. veya EUR Belgesi ( Bu belgeler olmad\u0131\u011f\u0131 takdirde e\u015fyalar\u0131n\u0131za g\u00fcmr\u00fck vergisi uygulan\u0131r.)<br>* Banka cirolu kon\u015fimento ( Consigne teslimlerde ; arada banka varsa )<br>* Banka transfer belgesi<br>* \u0130zine tabi e\u015fyalarda izin belgesi ( Kontrol Belgesi , Bak\u0131m Onar\u0131m Belgesi, Yat\u0131r\u0131m Te\u015fvik Belgesi ,Dahilde \u0130\u015fleme Belgesi v.s.)\u00a0<br>* E\u015fyaya ait \u00e7eki listesi<br>* Men\u015fe mecburi \u00fclkelerde men\u015fe \u015fahadetnamesi<br>* Nakliyeci bilgileri<br><br><br>Her ihracat i\u015fleminde a\u015fa\u011f\u0131daki evrak ve bilgileri temin etmeniz gerekmektedir.<br><br>* \u0130hrac edece\u011finiz e\u015fyaya ait sat\u0131\u015f faturan\u0131z. ( KDV siz.)<br>* \u00c7eki listesi ( Kap adedi , Br\u00fct ve Net Kg.lar g\u00f6r\u00fclecek \u015fekilde )<br>* \u0130thal \u00fcr\u00fcnlerde giri\u015f beyannameleri,\u00a0<br>* \u0130malat\u00e7\u0131 faturalar\u0131 suretleri,<br>* Nakliyeci bilgileri,\u00a0<br><br><br>Her transit ticaret i\u015fleminde a\u015fa\u011f\u0131daki evrak ve bilgileri temin etmeniz gerekmektedir.<br><br>* Al\u0131\u015f ve sat\u0131\u015f faturalar\u0131,<br>* Nakliyeci bilgileri,<\/td><\/tr><\/tbody><\/table>\n","protected":false},"excerpt":{"rendered":"<p>Bir sefere mahsus olmak \u00fczere a\u015fa\u011f\u0131da ki evraklar\u0131 haz\u0131rlaman\u0131z gerekmektedir. * Vekalet ( Noter tasdikli 1 adet)* Nufus c\u00fczdan\u0131 \u00f6rne\u011fi ( Noter tasdikli fotokopisi. 1 adet)* \u0130mza sirk\u00fcleri ( Noter tasdikli 1 adet)* Vergi Dairenizden m\u00fckellefi oldu\u011funuza dair faal m\u00fckellef yaz\u0131s\u0131 ( as\u0131l veya elektronik imzal\u0131 1 adet)* Ticaret Sicil Gazetesi (\u0130lk kurulu\u015f ve de\u011fi\u015fiklikler. [&hellip;]<\/p>\n","protected":false},"author":2,"featured_media":0,"parent":0,"menu_order":0,"comment_status":"closed","ping_status":"closed","template":"","meta":{"footnotes":""},"class_list":["post-41","page","type-page","status-publish","hentry"],"_links":{"self":[{"href":"https:\/\/www.yenidunyagumruk.com\/index.php\/wp-json\/wp\/v2\/pages\/41","targetHints":{"allow":["GET"]}}],"collection":[{"href":"https:\/\/www.yenidunyagumruk.com\/index.php\/wp-json\/wp\/v2\/pages"}],"about":[{"href":"https:\/\/www.yenidunyagumruk.com\/index.php\/wp-json\/wp\/v2\/types\/page"}],"author":[{"embeddable":true,"href":"https:\/\/www.yenidunyagumruk.com\/index.php\/wp-json\/wp\/v2\/users\/2"}],"replies":[{"embeddable":true,"href":"https:\/\/www.yenidunyagumruk.com\/index.php\/wp-json\/wp\/v2\/comments?post=41"}],"version-history":[{"count":4,"href":"https:\/\/www.yenidunyagumruk.com\/index.php\/wp-json\/wp\/v2\/pages\/41\/revisions"}],"predecessor-version":[{"id":94,"href":"https:\/\/www.yenidunyagumruk.com\/index.php\/wp-json\/wp\/v2\/pages\/41\/revisions\/94"}],"wp:attachment":[{"href":"https:\/\/www.yenidunyagumruk.com\/index.php\/wp-json\/wp\/v2\/media?parent=41"}],"curies":[{"name":"wp","href":"https:\/\/api.w.org\/{rel}","templated":true}]}}