{"id":43,"date":"2019-04-22T17:13:36","date_gmt":"2019-04-22T14:13:36","guid":{"rendered":"http:\/\/www.yenidunyagumruk.com\/?page_id=43"},"modified":"2024-05-28T11:48:04","modified_gmt":"2024-05-28T08:48:04","slug":"iletisim","status":"publish","type":"page","link":"https:\/\/www.yenidunyagumruk.com\/index.php\/iletisim\/","title":{"rendered":"\u0130leti\u015fim"},"content":{"rendered":"\n<p>Merkez<\/p>\n\n\n\n<p><strong>Adres: E\u011fitim Mah. Ad\u0131m Sk. Atak Plaza No:4 K:3 D:30 Kad\u0131k\u00f6y \/ \u0130stanbul&nbsp;<br><br>Tel&nbsp;&nbsp; : +90 (216) 405 17 57<br><br>Faks: +90 (216) 405 17 60&nbsp;<\/strong><\/p>\n\n\n\n<p>\u015eube<\/p>\n\n\n\n<p><strong>Adres: Cumhuriyet Mh. Vatan Cd. No:6 Blok:A8-1 34788 \u00c7ekmek\u00f6y \/ Istanbul\u00a0<br><br>Tel \u00a0 : +90 (532) 231 25 46\u00a0<br><br>Tel \u00a0 : +90 (216) 430 92 28<br><br><\/strong><\/p>\n","protected":false},"excerpt":{"rendered":"<p>Merkez Adres: E\u011fitim Mah. Ad\u0131m Sk. Atak Plaza No:4 K:3 D:30 Kad\u0131k\u00f6y \/ \u0130stanbul&nbsp; Tel&nbsp;&nbsp; : +90 (216) 405 17 57 Faks: +90 (216) 405 17 60&nbsp; \u015eube Adres: Cumhuriyet Mh. Vatan Cd. No:6 Blok:A8-1 34788 \u00c7ekmek\u00f6y \/ Istanbul\u00a0 Tel \u00a0 : +90 (532) 231 25 46\u00a0 Tel \u00a0 : +90 (216) 430 92 28<\/p>\n","protected":false},"author":2,"featured_media":0,"parent":0,"menu_order":0,"comment_status":"closed","ping_status":"closed","template":"","meta":{"footnotes":""},"class_list":["post-43","page","type-page","status-publish","hentry"],"_links":{"self":[{"href":"https:\/\/www.yenidunyagumruk.com\/index.php\/wp-json\/wp\/v2\/pages\/43","targetHints":{"allow":["GET"]}}],"collection":[{"href":"https:\/\/www.yenidunyagumruk.com\/index.php\/wp-json\/wp\/v2\/pages"}],"about":[{"href":"https:\/\/www.yenidunyagumruk.com\/index.php\/wp-json\/wp\/v2\/types\/page"}],"author":[{"embeddable":true,"href":"https:\/\/www.yenidunyagumruk.com\/index.php\/wp-json\/wp\/v2\/users\/2"}],"replies":[{"embeddable":true,"href":"https:\/\/www.yenidunyagumruk.com\/index.php\/wp-json\/wp\/v2\/comments?post=43"}],"version-history":[{"count":4,"href":"https:\/\/www.yenidunyagumruk.com\/index.php\/wp-json\/wp\/v2\/pages\/43\/revisions"}],"predecessor-version":[{"id":90,"href":"https:\/\/www.yenidunyagumruk.com\/index.php\/wp-json\/wp\/v2\/pages\/43\/revisions\/90"}],"wp:attachment":[{"href":"https:\/\/www.yenidunyagumruk.com\/index.php\/wp-json\/wp\/v2\/media?parent=43"}],"curies":[{"name":"wp","href":"https:\/\/api.w.org\/{rel}","templated":true}]}}